{"id":2289,"date":"2016-03-16T19:50:28","date_gmt":"2016-03-16T19:50:28","guid":{"rendered":"https:\/\/www.adriatic-dream.com\/contact\/"},"modified":"2023-12-15T18:25:25","modified_gmt":"2023-12-15T18:25:25","slug":"kontaktirajte-nas","status":"publish","type":"page","link":"https:\/\/www.adriatic-dream.com\/hr\/kontaktirajte-nas\/","title":{"rendered":"Kontaktirajte nas"},"content":{"rendered":"\t\t<div data-elementor-type=\"wp-post\" data-elementor-id=\"2289\" class=\"elementor elementor-2289 elementor-1100\">\n\t\t\t\t\t\t<section class=\"elementor-section elementor-top-section elementor-element elementor-element-10fffc2e elementor-section-boxed elementor-section-height-default elementor-section-height-default\" data-id=\"10fffc2e\" data-element_type=\"section\">\n\t\t\t\t\t\t<div class=\"elementor-container elementor-column-gap-default\">\n\t\t\t\t\t<div class=\"elementor-column elementor-col-100 elementor-top-column elementor-element elementor-element-2ca48d39\" data-id=\"2ca48d39\" data-element_type=\"column\">\n\t\t\t<div class=\"elementor-widget-wrap elementor-element-populated\">\n\t\t\t\t\t\t<div class=\"elementor-element elementor-element-7370afc1 elementor-widget elementor-widget-houzez_elementor_space\" data-id=\"7370afc1\" data-element_type=\"widget\" data-widget_type=\"houzez_elementor_space.default\">\n\t\t\t\t<div class=\"elementor-widget-container\">\n\t\t\t\t\t        <div class=\"houzez-spacer\">\n            <div class=\"houzez-spacer-inner\"><\/div>\n        <\/div>\n        \t\t\t\t<\/div>\n\t\t\t\t<\/div>\n\t\t\t\t\t<\/div>\n\t\t<\/div>\n\t\t\t\t\t<\/div>\n\t\t<\/section>\n\t\t\t\t<section class=\"elementor-section elementor-top-section elementor-element elementor-element-24162240 elementor-section-content-top animated-slow elementor-section-boxed elementor-section-height-default elementor-section-height-default elementor-invisible\" data-id=\"24162240\" data-element_type=\"section\" data-settings=\"{&quot;animation&quot;:&quot;fadeIn&quot;}\">\n\t\t\t\t\t\t<div class=\"elementor-container elementor-column-gap-default\">\n\t\t\t\t\t<div class=\"elementor-column elementor-col-50 elementor-top-column elementor-element elementor-element-39a8ea11\" data-id=\"39a8ea11\" data-element_type=\"column\" data-settings=\"{&quot;background_background&quot;:&quot;classic&quot;}\">\n\t\t\t<div class=\"elementor-widget-wrap elementor-element-populated\">\n\t\t\t\t\t\t<div class=\"elementor-element elementor-element-60a0df93 elementor-widget elementor-widget-google_maps\" data-id=\"60a0df93\" data-element_type=\"widget\" data-widget_type=\"google_maps.default\">\n\t\t\t\t<div class=\"elementor-widget-container\">\n\t\t\t\t\t\t\t<div class=\"elementor-custom-embed\">\n\t\t\t<iframe loading=\"lazy\"\n\t\t\t\t\tsrc=\"https:\/\/maps.google.com\/maps?q=Zadar%2C%20Prilaz%20Side%20Ko%C5%A1uti%C4%87%204&#038;t=m&#038;z=14&#038;output=embed&#038;iwloc=near\"\n\t\t\t\t\ttitle=\"Zadar, Prilaz Side Ko\u0161uti\u0107 4\"\n\t\t\t\t\taria-label=\"Zadar, Prilaz Side Ko\u0161uti\u0107 4\"\n\t\t\t><\/iframe>\n\t\t<\/div>\n\t\t\t\t\t\t<\/div>\n\t\t\t\t<\/div>\n\t\t\t\t<div class=\"elementor-element elementor-element-3a077dca elementor-widget elementor-widget-text-editor\" data-id=\"3a077dca\" data-element_type=\"widget\" data-widget_type=\"text-editor.default\">\n\t\t\t\t<div class=\"elementor-widget-container\">\n\t\t\t\t\t\t\t\t\t<p>Obratite nam se s povjerenjem za sve upite vezane za nekretnine, stvarno i zemlji\u0161noknji\u017eno pravo, te sve pravne poslove vezane za nekretnine.<\/p>\t\t\t\t\t\t\t\t<\/div>\n\t\t\t\t<\/div>\n\t\t\t\t<div class=\"elementor-element elementor-element-1c60f9dd elementor-button-align-stretch elementor-widget elementor-widget-houzez_elementor_contact_form\" data-id=\"1c60f9dd\" data-element_type=\"widget\" data-widget_type=\"houzez_elementor_contact_form.default\">\n\t\t\t\t<div class=\"elementor-widget-container\">\n\t\t\t\t\t\n        <script type=\"application\/javascript\">\n            jQuery(document).bind(\"ready\", function () {\n                houzezValidateElementor(\"#houzez-form-1c60f9dd\" );\n            });\n        <\/script>\n\n        <form class=\"elementor-form\" id=\"houzez-form-1c60f9dd\" method=\"post\" name=\"New Form\" action=\"https:\/\/www.adriatic-dream.com\/wp-admin\/admin-ajax.php\">\n            <input type=\"hidden\" name=\"form_id\" value=\"1c60f9dd\"\/>\n            <input type=\"hidden\" name=\"houzez_contact_form\" value=\"yes\"\/>\n            <input type=\"hidden\" name=\"action\" value=\"houzez_ele_contact_form\" \/>\n            <input type=\"hidden\" name=\"source_link\" value=\"https:\/\/www.adriatic-dream.com\/hr\/kontaktirajte-nas\/\" \/>\n            <input type=\"hidden\" name=\"lead_page_id\" value=\"2289\" \/>\n            <input type=\"hidden\" name=\"email_to\" value=\"hello@favethemes.com\" \/>\n            <input type=\"hidden\" name=\"email_subject\" value=\"New message from &quot;Houzez 01&quot;\" \/>\n            <input type=\"hidden\" name=\"email_to_cc\" value=\"\" \/>\n            <input type=\"hidden\" name=\"email_to_bcc\" value=\"\" \/>\n            <input type=\"hidden\" name=\"webhook\" value=\"false\" \/>\n            <input type=\"hidden\" name=\"webhook_url\" value=\"\" \/>\n            <input type=\"hidden\" name=\"redirect_to\" value=\"\" \/>\n            <input type=\"hidden\" name=\"google_recaptcha\" value=\"false\" \/>\n            \n\n            <div class=\"elementor-form-fields-wrapper elementor-labels-above\">\n\n                                    <div class=\"elementor-field-group elementor-column form-group elementor-field-group-name elementor-col-50 elementor-field-required elementor-mark-required\">\n                    <label for=\"form-field-name\" class=\"elementor-field-label\">First Name<\/label><input type=\"text\" name=\"first_name\" id=\"form-field-name\" class=\"elementor-field form-control elementor-size-sm elementor-field-textual\" placeholder=\"Upi\u0161ite Va\u0161e ime\" title=\"* First Name\" required=\"required\">                    <\/div>\n\n                                        <div class=\"elementor-field-group elementor-column form-group elementor-field-group-bf18955 elementor-col-50 elementor-field-required elementor-mark-required\">\n                    <label for=\"form-field-bf18955\" class=\"elementor-field-label\">Last Name<\/label><input type=\"text\" name=\"last_name\" id=\"form-field-bf18955\" class=\"elementor-field form-control elementor-size-sm elementor-field-textual\" placeholder=\"Enter your last name\" title=\"* Last Name\" required=\"required\">                    <\/div>\n\n                                        <div class=\"elementor-field-group elementor-column form-group elementor-field-group-email elementor-col-100 elementor-field-required elementor-mark-required\">\n                    <label for=\"form-field-email\" class=\"elementor-field-label\">Email<\/label><input type=\"email\" name=\"email\" id=\"form-field-email\" class=\"elementor-field form-control elementor-size-sm elementor-field-textual\" placeholder=\"Email\" title=\"* Email\" required=\"required\">                    <\/div>\n\n                                        <div class=\"elementor-field-group elementor-column form-group elementor-field-group-message elementor-col-100 elementor-field-required elementor-mark-required\">\n                    <label for=\"form-field-message\" class=\"elementor-field-label\">Poruka<\/label><textarea class=\"elementor-field-textual elementor-field elementor-size-sm\" name=\"message\" id=\"form-field-message\" rows=\"4\" placeholder=\"Poruka\" required=\"required\" title=\"* Poruka\"><\/textarea>                    <\/div>\n\n                    \n                    \n                    \n                    <div class=\"elementor-field-group elementor-column elementor-field-type-submit elementor-col-100\">\n                    <button type=\"submit\" class=\"btn houzez-submit-button houzez-contact-form-js elementor-button elementor-size-sm\">\n                        <i class=\"btn-loader houzez-loader-js\"><\/i>\n                                                    Submit                                            <\/button>\n                <\/div>\n            <\/div><!-- End wrapper-->\n            <br\/>\n            <div class=\"ele-form-messages\"><\/div>\n            <div class=\"error-container\"><\/div>\n\n        <\/form>\n\n    \t\t\t\t<\/div>\n\t\t\t\t<\/div>\n\t\t\t\t\t<\/div>\n\t\t<\/div>\n\t\t\t\t<div class=\"elementor-column elementor-col-25 elementor-top-column elementor-element elementor-element-52beb49d\" data-id=\"52beb49d\" data-element_type=\"column\">\n\t\t\t<div class=\"elementor-widget-wrap\">\n\t\t\t\t\t\t\t<\/div>\n\t\t<\/div>\n\t\t\t\t<div class=\"elementor-column elementor-col-25 elementor-top-column elementor-element elementor-element-3f4b097e\" data-id=\"3f4b097e\" data-element_type=\"column\">\n\t\t\t<div class=\"elementor-widget-wrap elementor-element-populated\">\n\t\t\t\t\t\t<div class=\"elementor-element elementor-element-62c17e57 elementor-widget elementor-widget-text-editor\" data-id=\"62c17e57\" data-element_type=\"widget\" data-widget_type=\"text-editor.default\">\n\t\t\t\t<div class=\"elementor-widget-container\">\n\t\t\t\t\t\t\t\t\t<p class=\"padding-top\"><strong>Za sve upite slobodno nas kontaktirajte<\/strong><strong>:<\/strong><\/p><p><strong>Petar Fadi\u0107 dipl.ing.<\/strong><br \/>Licencirani agent za nekretnine<br \/>adriatic.dream(at)gmail.com<br \/>+38598458519<\/p><p><strong>Slavica Bezi\u0107 Fadi\u0107 dipl.iur.<\/strong><br \/>Pravna slu\u017eba<br \/>odvjetnica.sbezic(at)gmail.com<br \/>+385981968157<\/p><p><a href=\"https:\/\/www.odvjetnik-bezic-fadic.hr\/\" target=\"_blank\" rel=\"noopener\">Odvjetni\u010dki ured Zadar<\/a><\/p>\t\t\t\t\t\t\t\t<\/div>\n\t\t\t\t<\/div>\n\t\t\t\t<div class=\"elementor-element elementor-element-4f5fd5c9 elementor-widget elementor-widget-text-editor\" data-id=\"4f5fd5c9\" data-element_type=\"widget\" data-widget_type=\"text-editor.default\">\n\t\t\t\t<div class=\"elementor-widget-container\">\n\t\t\t\t\t\t\t\t\t<p class=\"padding-top\"><strong>Alamar nekretnine \/ Adriatic Dream<\/strong><br \/>Alamar d.o.o.<br \/>Licencirana agencija za nekretnine<br \/>Prilaz S. Ko\u0161uti\u0107 4<br \/>23000 Zadar \/ Hrvatska<\/p><p><a href=\"https:\/\/www.adriatic-dream.com\/hr\/o-nama\/\">O nama<\/a><\/p>\t\t\t\t\t\t\t\t<\/div>\n\t\t\t\t<\/div>\n\t\t\t\t\t<\/div>\n\t\t<\/div>\n\t\t\t\t\t<\/div>\n\t\t<\/section>\n\t\t\t\t<section class=\"elementor-section elementor-top-section elementor-element elementor-element-63a857e2 elementor-section-boxed elementor-section-height-default elementor-section-height-default\" data-id=\"63a857e2\" data-element_type=\"section\">\n\t\t\t\t\t\t<div class=\"elementor-container elementor-column-gap-default\">\n\t\t\t\t\t<div class=\"elementor-column elementor-col-100 elementor-top-column elementor-element elementor-element-40559f85\" data-id=\"40559f85\" data-element_type=\"column\">\n\t\t\t<div class=\"elementor-widget-wrap elementor-element-populated\">\n\t\t\t\t\t\t<div class=\"elementor-element elementor-element-27406cc4 elementor-widget elementor-widget-spacer\" data-id=\"27406cc4\" data-element_type=\"widget\" data-widget_type=\"spacer.default\">\n\t\t\t\t<div class=\"elementor-widget-container\">\n\t\t\t\t\t\t\t<div class=\"elementor-spacer\">\n\t\t\t<div class=\"elementor-spacer-inner\"><\/div>\n\t\t<\/div>\n\t\t\t\t\t\t<\/div>\n\t\t\t\t<\/div>\n\t\t\t\t\t<\/div>\n\t\t<\/div>\n\t\t\t\t\t<\/div>\n\t\t<\/section>\n\t\t\t\t<\/div>\n\t\t","protected":false},"excerpt":{"rendered":"<p>Obratite nam se s povjerenjem za sve upite vezane za nekretnine, stvarno i zemlji\u0161noknji\u017eno pravo, te sve pravne poslove vezane za nekretnine. First Name Last Name Email Poruka Submit Za sve upite slobodno nas kontaktirajte: Petar Fadi\u0107 dipl.ing.Licencirani agent za nekretnineadriatic.dream(at)gmail.com+38598458519 Slavica Bezi\u0107 Fadi\u0107 dipl.iur.Pravna slu\u017ebaodvjetnica.sbezic(at)gmail.com+385981968157 Odvjetni\u010dki ured Zadar Alamar nekretnine \/ Adriatic DreamAlamar d.o.o.Licencirana [&hellip;]<\/p>\n","protected":false},"author":1,"featured_media":0,"parent":0,"menu_order":0,"comment_status":"closed","ping_status":"closed","template":"elementor_header_footer","meta":{"content-type":"","footnotes":""},"class_list":["post-2289","page","type-page","status-publish","hentry"],"yoast_head":"<!-- This site is optimized with the Yoast SEO plugin v26.9 - https:\/\/yoast.com\/product\/yoast-seo-wordpress\/ -->\n<title>Kontaktirajte nas | Adriatic Dream<\/title>\n<meta name=\"robots\" content=\"index, follow, max-snippet:-1, max-image-preview:large, max-video-preview:-1\" \/>\n<link rel=\"canonical\" href=\"https:\/\/www.adriatic-dream.com\/hr\/kontaktirajte-nas\/\" \/>\n<meta property=\"og:locale\" content=\"hr_HR\" \/>\n<meta property=\"og:type\" content=\"article\" \/>\n<meta property=\"og:title\" content=\"Kontaktirajte nas | Adriatic Dream\" \/>\n<meta property=\"og:description\" content=\"Obratite nam se s povjerenjem za sve upite vezane za nekretnine, stvarno i zemlji\u0161noknji\u017eno pravo, te sve pravne poslove vezane za nekretnine. First Name Last Name Email Poruka Submit Za sve upite slobodno nas kontaktirajte: Petar Fadi\u0107 dipl.ing.Licencirani agent za nekretnineadriatic.dream(at)gmail.com+38598458519 Slavica Bezi\u0107 Fadi\u0107 dipl.iur.Pravna slu\u017ebaodvjetnica.sbezic(at)gmail.com+385981968157 Odvjetni\u010dki ured Zadar Alamar nekretnine \/ Adriatic DreamAlamar d.o.o.Licencirana [&hellip;]\" \/>\n<meta property=\"og:url\" content=\"https:\/\/www.adriatic-dream.com\/hr\/kontaktirajte-nas\/\" \/>\n<meta property=\"og:site_name\" content=\"Adriatic Dream\" \/>\n<meta property=\"article:publisher\" content=\"https:\/\/www.facebook.com\/Visit.Croatia.hr\/\" \/>\n<meta property=\"article:modified_time\" content=\"2023-12-15T18:25:25+00:00\" \/>\n<meta name=\"twitter:card\" content=\"summary_large_image\" \/>\n<script type=\"application\/ld+json\" class=\"yoast-schema-graph\">{\"@context\":\"https:\/\/schema.org\",\"@graph\":[{\"@type\":\"WebPage\",\"@id\":\"https:\/\/www.adriatic-dream.com\/hr\/kontaktirajte-nas\/\",\"url\":\"https:\/\/www.adriatic-dream.com\/hr\/kontaktirajte-nas\/\",\"name\":\"Kontaktirajte nas | Adriatic Dream\",\"isPartOf\":{\"@id\":\"https:\/\/www.adriatic-dream.com\/hr\/#website\"},\"datePublished\":\"2016-03-16T19:50:28+00:00\",\"dateModified\":\"2023-12-15T18:25:25+00:00\",\"breadcrumb\":{\"@id\":\"https:\/\/www.adriatic-dream.com\/hr\/kontaktirajte-nas\/#breadcrumb\"},\"inLanguage\":\"hr\",\"potentialAction\":[{\"@type\":\"ReadAction\",\"target\":[\"https:\/\/www.adriatic-dream.com\/hr\/kontaktirajte-nas\/\"]}]},{\"@type\":\"BreadcrumbList\",\"@id\":\"https:\/\/www.adriatic-dream.com\/hr\/kontaktirajte-nas\/#breadcrumb\",\"itemListElement\":[{\"@type\":\"ListItem\",\"position\":1,\"name\":\"Home\",\"item\":\"https:\/\/www.adriatic-dream.com\/hr\/\"},{\"@type\":\"ListItem\",\"position\":2,\"name\":\"Kontaktirajte nas\"}]},{\"@type\":\"WebSite\",\"@id\":\"https:\/\/www.adriatic-dream.com\/hr\/#website\",\"url\":\"https:\/\/www.adriatic-dream.com\/hr\/\",\"name\":\"Adriatic Dream\",\"description\":\"Luxury properties in Croatia for sale and rent\",\"potentialAction\":[{\"@type\":\"SearchAction\",\"target\":{\"@type\":\"EntryPoint\",\"urlTemplate\":\"https:\/\/www.adriatic-dream.com\/hr\/?s={search_term_string}\"},\"query-input\":{\"@type\":\"PropertyValueSpecification\",\"valueRequired\":true,\"valueName\":\"search_term_string\"}}],\"inLanguage\":\"hr\"}]}<\/script>\n<!-- \/ Yoast SEO plugin. -->","yoast_head_json":{"title":"Kontaktirajte nas | Adriatic Dream","robots":{"index":"index","follow":"follow","max-snippet":"max-snippet:-1","max-image-preview":"max-image-preview:large","max-video-preview":"max-video-preview:-1"},"canonical":"https:\/\/www.adriatic-dream.com\/hr\/kontaktirajte-nas\/","og_locale":"hr_HR","og_type":"article","og_title":"Kontaktirajte nas | Adriatic Dream","og_description":"Obratite nam se s povjerenjem za sve upite vezane za nekretnine, stvarno i zemlji\u0161noknji\u017eno pravo, te sve pravne poslove vezane za nekretnine. First Name Last Name Email Poruka Submit Za sve upite slobodno nas kontaktirajte: Petar Fadi\u0107 dipl.ing.Licencirani agent za nekretnineadriatic.dream(at)gmail.com+38598458519 Slavica Bezi\u0107 Fadi\u0107 dipl.iur.Pravna slu\u017ebaodvjetnica.sbezic(at)gmail.com+385981968157 Odvjetni\u010dki ured Zadar Alamar nekretnine \/ Adriatic DreamAlamar d.o.o.Licencirana [&hellip;]","og_url":"https:\/\/www.adriatic-dream.com\/hr\/kontaktirajte-nas\/","og_site_name":"Adriatic Dream","article_publisher":"https:\/\/www.facebook.com\/Visit.Croatia.hr\/","article_modified_time":"2023-12-15T18:25:25+00:00","twitter_card":"summary_large_image","schema":{"@context":"https:\/\/schema.org","@graph":[{"@type":"WebPage","@id":"https:\/\/www.adriatic-dream.com\/hr\/kontaktirajte-nas\/","url":"https:\/\/www.adriatic-dream.com\/hr\/kontaktirajte-nas\/","name":"Kontaktirajte nas | Adriatic Dream","isPartOf":{"@id":"https:\/\/www.adriatic-dream.com\/hr\/#website"},"datePublished":"2016-03-16T19:50:28+00:00","dateModified":"2023-12-15T18:25:25+00:00","breadcrumb":{"@id":"https:\/\/www.adriatic-dream.com\/hr\/kontaktirajte-nas\/#breadcrumb"},"inLanguage":"hr","potentialAction":[{"@type":"ReadAction","target":["https:\/\/www.adriatic-dream.com\/hr\/kontaktirajte-nas\/"]}]},{"@type":"BreadcrumbList","@id":"https:\/\/www.adriatic-dream.com\/hr\/kontaktirajte-nas\/#breadcrumb","itemListElement":[{"@type":"ListItem","position":1,"name":"Home","item":"https:\/\/www.adriatic-dream.com\/hr\/"},{"@type":"ListItem","position":2,"name":"Kontaktirajte nas"}]},{"@type":"WebSite","@id":"https:\/\/www.adriatic-dream.com\/hr\/#website","url":"https:\/\/www.adriatic-dream.com\/hr\/","name":"Adriatic Dream","description":"Luxury properties in Croatia for sale and rent","potentialAction":[{"@type":"SearchAction","target":{"@type":"EntryPoint","urlTemplate":"https:\/\/www.adriatic-dream.com\/hr\/?s={search_term_string}"},"query-input":{"@type":"PropertyValueSpecification","valueRequired":true,"valueName":"search_term_string"}}],"inLanguage":"hr"}]}},"_links":{"self":[{"href":"https:\/\/www.adriatic-dream.com\/hr\/wp-json\/wp\/v2\/pages\/2289","targetHints":{"allow":["GET"]}}],"collection":[{"href":"https:\/\/www.adriatic-dream.com\/hr\/wp-json\/wp\/v2\/pages"}],"about":[{"href":"https:\/\/www.adriatic-dream.com\/hr\/wp-json\/wp\/v2\/types\/page"}],"author":[{"embeddable":true,"href":"https:\/\/www.adriatic-dream.com\/hr\/wp-json\/wp\/v2\/users\/1"}],"replies":[{"embeddable":true,"href":"https:\/\/www.adriatic-dream.com\/hr\/wp-json\/wp\/v2\/comments?post=2289"}],"version-history":[{"count":5,"href":"https:\/\/www.adriatic-dream.com\/hr\/wp-json\/wp\/v2\/pages\/2289\/revisions"}],"predecessor-version":[{"id":3354,"href":"https:\/\/www.adriatic-dream.com\/hr\/wp-json\/wp\/v2\/pages\/2289\/revisions\/3354"}],"wp:attachment":[{"href":"https:\/\/www.adriatic-dream.com\/hr\/wp-json\/wp\/v2\/media?parent=2289"}],"curies":[{"name":"wp","href":"https:\/\/api.w.org\/{rel}","templated":true}]}}